{"id":457,"date":"2020-05-30T17:17:42","date_gmt":"2020-05-30T17:17:42","guid":{"rendered":"https:\/\/taskhive.hivepress.io\/?page_id=13"},"modified":"2026-04-16T00:18:01","modified_gmt":"2026-04-15T22:18:01","slug":"accueil","status":"publish","type":"page","link":"https:\/\/artscape.pro\/art\/","title":{"rendered":"Accueil"},"content":{"rendered":"\n<div class=\"wp-block-columns is-layout-flex wp-container-core-columns-is-layout-9d6595d7 wp-block-columns-is-layout-flex\">\n<div class=\"wp-block-column is-layout-flow wp-block-column-is-layout-flow\">\n<div style=\"height:54px\" aria-hidden=\"true\" class=\"wp-block-spacer\"><\/div>\n\n\n <form class=\"hp-form--wide hp-form--primary hp-block hp-form hp-form--listing-search\" action=\"https:\/\/artscape.pro\/art\" method=\"GET\" data-component=\"form\"><div class=\"hp-form__messages\" data-component=\"messages\"><\/div><div class=\"hp-form__fields\"><input type=\"hidden\" name=\"post_type\" value=\"hp_listing\" class=\"hp-field hp-field--hidden\"><input type=\"hidden\" name=\"latitude\" value=\"\" data-coordinate=\"lat\" class=\"hp-field hp-field--hidden\"><input type=\"hidden\" name=\"longitude\" value=\"\" data-coordinate=\"lng\" class=\"hp-field hp-field--hidden\"><input type=\"hidden\" name=\"_region\" value=\"\" data-region=\"data-region\" class=\"hp-field hp-field--hidden\"><div class=\"hp-form__field hp-form__field--search\"><input type=\"search\" name=\"s\" value=\"\" placeholder=\"Mots-cl\u00e9s\" maxlength=\"256\" class=\"hp-field hp-field--search\"><\/div><div class=\"hp-form__field hp-form__field--location\"><div data-format=\"\" data-scatter=\"true\" data-countries=\"[&quot;BE&quot;]\" data-region-types=\"[&quot;locality&quot;,&quot;administrative_area_level_2&quot;,&quot;administrative_area_level_1&quot;,&quot;country&quot;]\" data-component=\"location\" class=\"hp-field hp-field--location\"><input type=\"text\" name=\"location\" value=\"\" autocomplete=\"off\" placeholder=\"Localisation\" maxlength=\"256\" class=\"hp-field hp-field--text\"><a href=\"#\" title=\"Me localiser\"><i class=\"hp-icon fas fa-location-arrow\"><\/i><\/a><\/div><\/div><div class=\"hp-form__field hp-form__field--select\"><select name=\"_category\" data-component=\"select\" class=\"hp-field hp-field--select\"><option value=\"\">Toutes les cat\u00e9gories<\/option><option value=\"215\">Appels \u00e0 projets<\/option><option value=\"216\">\u00c9v\u00e9nements<\/option><option value=\"230\">Shops &amp; Markets<\/option><option value=\"235\">Prestations<\/option><\/select><\/div><\/div><div class=\"hp-form__footer\"><button type=\"submit\" class=\"hp-form__button button-primary alt button hp-field hp-field--submit\"><span>Rechercher<\/span><\/button><\/div><\/form>\n\n\n<div style=\"height:54px\" aria-hidden=\"true\" class=\"wp-block-spacer\"><\/div>\n<\/div>\n<\/div>\n\n\n\n<!--more Voir plus-->\n<!--noteaser-->\n\n\n\n<div class=\"wp-block-group content-block\"><div class=\"wp-block-group__inner-container is-layout-flow wp-block-group-is-layout-flow\">\n<div class=\"wp-block-columns is-layout-flex wp-container-core-columns-is-layout-9d6595d7 wp-block-columns-is-layout-flex\">\n<div class=\"wp-block-column is-layout-flow wp-block-column-is-layout-flow\">\n<h3 class=\"wp-block-heading has-text-align-center has-medium-font-size\">Explorer<\/h3>\n\n\n\n<p class=\"has-text-align-center has-small-font-size\"><strong>Parcours les \u00e9v\u00e9nements, les shops &amp; markets &amp; appels \u00e0 projets. <\/strong>D\u00e9couvre une multitude de services artistiques, missions cr\u00e9atives, \u00e9v\u00e9nements adapt\u00e9s \u00e0 vos envies.<\/p>\n<\/div>\n\n\n\n<div class=\"wp-block-column is-layout-flow wp-block-column-is-layout-flow\">\n<h3 class=\"wp-block-heading has-text-align-center has-medium-font-size\">Se connecter<\/h3>\n\n\n\n<p class=\"has-text-align-center has-small-font-size\"><strong>\u00c9tablis des relations uniques.<\/strong> Gr\u00e2ce \u00e0 l&rsquo;annuaire &#8211; compos\u00e9s d&rsquo;artistes, de collectifs, d&rsquo;institutions &amp; autres professionnels &#8211; contacte les pour donner vie \u00e0 ton projet <\/p>\n<\/div>\n\n\n\n<div class=\"wp-block-column is-layout-flow wp-block-column-is-layout-flow\">\n<h3 class=\"wp-block-heading has-text-align-center has-medium-font-size\">Se montrer<\/h3>\n\n\n\n<p class=\"has-text-align-center has-small-font-size\"><strong>Tu as besoin d&rsquo;une vitrine suppl\u00e9mentaire pour tes services?<\/strong> Poste une annonce et explique nous ton\/tes services. N&rsquo;oublie pas d&rsquo;int\u00e9grer tous tes liens, sociaux &amp; autres pour qu&rsquo;on te trouve facilement.<\/p>\n<\/div>\n<\/div>\n<\/div><\/div>\n\n\n <div class=\"hp-listing-categories hp-grid hp-block\"><div class=\"hp-row\"><div class=\"hp-grid__item hp-col-sm-6 hp-col-xs-12\"><article class=\"hp-listing-category hp-listing-category--view-block\"><header class=\"hp-listing-category__header\"><div class=\"hp-listing-category__image\">\n\t<a href=\"https:\/\/artscape.pro\/art\/listing-category\/appels-projets\/\">\n\t\t\t\t\t<img decoding=\"async\" src=\"https:\/\/artscape.pro\/art\/wp-content\/uploads\/2026\/04\/0E7ABB4F-7472-47F1-B401-ACFF783DD8A4-400x300.png\" alt=\"Appels \u00e0 projets\" loading=\"lazy\">\n\t\t\t<\/a>\n<\/div>\n<\/header><div class=\"hp-listing-category__content\"><h4 class=\"hp-listing-category__name\"><a href=\"https:\/\/artscape.pro\/art\/listing-category\/appels-projets\/\">Appels \u00e0 projets<\/a>\n<\/h4><div class=\"hp-listing-category__details hp-listing-category__details--primary\"><div class=\"hp-listing-category__item-count\">0<\/div>\n<\/div><\/div><\/article><\/div><div class=\"hp-grid__item hp-col-sm-6 hp-col-xs-12\"><article class=\"hp-listing-category hp-listing-category--view-block\"><header class=\"hp-listing-category__header\"><div class=\"hp-listing-category__image\">\n\t<a href=\"https:\/\/artscape.pro\/art\/listing-category\/evenement\/\">\n\t\t\t\t\t<img decoding=\"async\" src=\"https:\/\/artscape.pro\/art\/wp-content\/uploads\/2026\/04\/8D943411-A5F5-4864-AAAD-3B6AB472A77E-400x300.png\" alt=\"\u00c9v\u00e9nements\" loading=\"lazy\">\n\t\t\t<\/a>\n<\/div>\n<\/header><div class=\"hp-listing-category__content\"><h4 class=\"hp-listing-category__name\"><a href=\"https:\/\/artscape.pro\/art\/listing-category\/evenement\/\">\u00c9v\u00e9nements<\/a>\n<\/h4><div class=\"hp-listing-category__details hp-listing-category__details--primary\"><div class=\"hp-listing-category__item-count\">0<\/div>\n<\/div><\/div><\/article><\/div><div class=\"hp-grid__item hp-col-sm-6 hp-col-xs-12\"><article class=\"hp-listing-category hp-listing-category--view-block\"><header class=\"hp-listing-category__header\"><div class=\"hp-listing-category__image\">\n\t<a href=\"https:\/\/artscape.pro\/art\/listing-category\/shops_et_markets_belgique\/\">\n\t\t\t\t\t<img decoding=\"async\" src=\"https:\/\/artscape.pro\/art\/wp-content\/uploads\/2026\/04\/97E983C5-2515-4B2A-AF49-67D4965EE5AD-400x300.png\" alt=\"Shops &amp; Markets\" loading=\"lazy\">\n\t\t\t<\/a>\n<\/div>\n<\/header><div class=\"hp-listing-category__content\"><h4 class=\"hp-listing-category__name\"><a href=\"https:\/\/artscape.pro\/art\/listing-category\/shops_et_markets_belgique\/\">Shops &amp; Markets<\/a>\n<\/h4><div class=\"hp-listing-category__details hp-listing-category__details--primary\"><div class=\"hp-listing-category__item-count\">0<\/div>\n<\/div><\/div><\/article><\/div><div class=\"hp-grid__item hp-col-sm-6 hp-col-xs-12\"><article class=\"hp-listing-category hp-listing-category--view-block\"><header class=\"hp-listing-category__header\"><div class=\"hp-listing-category__image\">\n\t<a href=\"https:\/\/artscape.pro\/art\/listing-category\/prestations\/\">\n\t\t\t\t\t<img decoding=\"async\" src=\"https:\/\/artscape.pro\/art\/wp-content\/uploads\/2026\/04\/19D6E963-3BF9-4A16-A7D2-6C16DC2E5F74-400x300.jpeg\" alt=\"Prestations\" loading=\"lazy\">\n\t\t\t<\/a>\n<\/div>\n<\/header><div class=\"hp-listing-category__content\"><h4 class=\"hp-listing-category__name\"><a href=\"https:\/\/artscape.pro\/art\/listing-category\/prestations\/\">Prestations<\/a>\n<\/h4><div class=\"hp-listing-category__details hp-listing-category__details--primary\"><div class=\"hp-listing-category__item-count\">1<\/div>\n<\/div><\/div><\/article><\/div><\/div><\/div>\n\n\n<h2 class=\"wp-block-heading has-text-align-center content-title\" style=\"font-size:24px\">Annuaire d&rsquo;artistes et professionnels des arts.<\/h2>\n\n\n\n<p class=\"has-text-align-center content-subtitle\">Parcourez les fiches des professionnels de confiance.<\/p>\n\n\n <div data-component=\"slider\" class=\"content-slider content-slider--carousel alignfull hp-vendors hp-block hp-grid\" data-type=\"carousel\"><div class=\"hp-row\"><div class=\"hp-grid__item hp-col-sm-12 hp-col-xs-12\"><article class=\"hp-vendor hp-vendor--view-block\"><header class=\"hp-vendor__header\">\t<div class=\"hp-vendor__pro-badge\">\n\t\t<i class=\"hp-icon fas fa-shield-alt\"><\/i>\n\t\t<span>Pro<\/span>\n\t<\/div>\n\t<div class=\"hp-vendor__image\">\n\t<a href=\"https:\/\/artscape.pro\/art\/vendor\/ltl-artscape\/\">\n\t\t\t\t\t<img decoding=\"async\" src=\"https:\/\/artscape.pro\/art\/wp-content\/uploads\/2026\/03\/fa5b9804-5b87-4f34-a2c4-d2dc8ef837e3-400x400.jpg\" alt=\"Benjemi\" loading=\"lazy\">\n\t\t\t<\/a>\n<\/div>\n<\/header><div class=\"hp-vendor__content\"><h4 class=\"hp-vendor__name\"><a href=\"https:\/\/artscape.pro\/art\/vendor\/ltl-artscape\/\">Benjemi<\/a>\n<\/h4><div class=\"hp-vendor__details hp-vendor__details--primary\">\t<div class=\"hp-vendor__location hp-listing__location\">\n\t\t<i class=\"hp-icon fas fa-map-marker-alt\"><\/i>\n\t\t\t\t\t<span>Bruxelles, Bruxelles, Belgique<\/span>\n\t\t\t<\/div>\n\t<time class=\"hp-vendor__registered-date hp-vendor__date hp-meta\" datetime=\"2020-05-30 17:08:02\">\n\tMembre depuis 30 mai 2020<\/time>\n<\/div><div class=\"hp-block hp-vendor__attributes hp-vendor__attributes--secondary\"><div class=\"hp-row\"><div class=\"hp-col-lg-6 hp-col-xs-12\"><div class=\"hp-vendor__attribute hp-vendor__attribute--style\">Hip-Hop &#8211; Ndombolo &#8211; Kuduro<\/div><\/div><\/div><\/div><div class=\"hp-block hp-vendor__attributes hp-vendor__attributes--ternary\"><div class=\"hp-vendor__attribute hp-vendor__attribute--speciality\">Chor\u00e9graphe &#8211; Freestyle<\/div><\/div><\/div><footer class=\"hp-vendor__footer\"><div class=\"hp-block hp-vendor__attributes hp-vendor__attributes--primary\"><div class=\"hp-vendor__attribute hp-vendor__attribute--domaine\">Danse<\/div><\/div><div class=\"hp-vendor__actions hp-vendor__actions--primary\"><a href=\"#user_login_modal\" title=\"Envoyer un message\" class=\"hp-vendor__action hp-vendor__action--message\"><i class=\"hp-icon fas fa-comment\"><\/i><\/a>\n<\/div><\/footer><\/article><\/div><\/div><\/div>\n\n\n<h2 class=\"wp-block-heading has-text-align-center content-title\" style=\"font-size:24px\">Annonces \u00e0 la une<\/h2>\n\n\n\n<p class=\"has-text-align-center content-subtitle\">Quelques services de haute qualit\u00e9 soigneusement s\u00e9lectionn\u00e9s par notre \u00e9quipe.<\/p>\n\n\n <div data-component=\"slider\" class=\"content-slider content-slider--carousel alignfull hp-listings hp-block hp-grid\" data-type=\"carousel\"><div class=\"hp-row\"><div class=\"hp-grid__item hp-col-sm-6 hp-col-xs-12\"><article class=\"hp-listing hp-listing--view-block\"><header class=\"hp-listing__header\"><div class=\"hp-listing__image\" data-component=\"carousel-slider\" data-preview=\"false\" data-aspect-ratio=\"\" data-url=\"https:\/\/artscape.pro\/art\/listing\/danseur-choregraphe\/\">\n\t\t\t<a href=\"https:\/\/artscape.pro\/art\/listing\/danseur-choregraphe\/\">\n\t\t\t\t\t\t\t<img decoding=\"async\" src=\"https:\/\/artscape.pro\/art\/wp-content\/uploads\/2026\/04\/IMG_7350-400x300.jpeg\" alt=\"Danseur &amp; chor\u00e9graphe\" loading=\"lazy\">\n\t\t\t\t\t<\/a>\n\t<\/div>\n<\/header><div class=\"hp-listing__content\"><div class=\"hp-listing__topbar\"><div class=\"hp-vendor hp-vendor--embed-block\"><div class=\"hp-vendor__image\">\n\t<a href=\"https:\/\/artscape.pro\/art\/vendor\/ltl-artscape\/\">\n\t\t\t\t\t<img decoding=\"async\" src=\"https:\/\/artscape.pro\/art\/wp-content\/uploads\/2026\/03\/fa5b9804-5b87-4f34-a2c4-d2dc8ef837e3-400x400.jpg\" alt=\"Benjemi\" loading=\"lazy\">\n\t\t\t<\/a>\n<\/div>\n<div class=\"hp-vendor__details\"><h6 class=\"hp-vendor__name\"><a href=\"https:\/\/artscape.pro\/art\/vendor\/ltl-artscape\/\">Benjemi<\/a>\n<\/h6>\t<div class=\"hp-vendor__pro-badge\">\n\t\t<i class=\"hp-icon fas fa-shield-alt\"><\/i>\n\t\t<span>Pro<\/span>\n\t<\/div>\n\t<\/div><\/div><\/div><h4 class=\"hp-listing__title\"><a href=\"https:\/\/artscape.pro\/art\/listing\/danseur-choregraphe\/\">Danseur &amp; chor\u00e9graphe<\/a>\n<\/h4><div class=\"hp-listing__details hp-listing__details--primary\">\t<div class=\"hp-listing__location\">\n\t\t<i class=\"hp-icon fas fa-map-marker-alt\"><\/i>\n\t\t\t\t\t<span>Belgique<\/span>\n\t\t\t<\/div>\n\t<\/div><\/div><footer class=\"hp-listing__footer\"><div class=\"hp-listing__actions hp-listing__actions--primary\"><a href=\"#user_login_modal\" title=\"Envoyer un message\" class=\"hp-listing__action hp-listing__action--message\"><i class=\"hp-icon fas fa-comment\"><\/i><\/a>\n<a class=\"hp-listing__action hp-listing__action--favorite\" href=\"#user_login_modal\"><i class=\"hp-icon fas fa-heart\"><\/i><\/a><\/div><\/footer><\/article><\/div><\/div><\/div>","protected":false},"excerpt":{"rendered":"","protected":false},"author":1,"featured_media":0,"parent":0,"menu_order":0,"comment_status":"closed","ping_status":"closed","template":"","meta":{"footnotes":""},"class_list":["post-457","page","type-page","status-publish","hentry"],"yoast_head":"<!-- This site is optimized with the Yoast SEO plugin v27.2 - https:\/\/yoast.com\/product\/yoast-seo-wordpress\/ -->\n<title>Accueil - Artscape - L&#039;art en mouvement<\/title>\n<meta name=\"description\" content=\"La plateforme d\u00e9di\u00e9e aux artistes et cr\u00e9ateurs pour proposer des services, trouver des missions et collaborer avec des marques et sponsors. Rejoignez notre communaut\u00e9 pour transformer vos id\u00e9es en projets artistiques uniques.\" \/>\n<meta name=\"robots\" content=\"index, follow, max-snippet:-1, max-image-preview:large, max-video-preview:-1\" \/>\n<link rel=\"canonical\" href=\"https:\/\/artscape.pro\/art\/\" \/>\n<meta property=\"og:locale\" content=\"fr_FR\" \/>\n<meta property=\"og:type\" content=\"article\" \/>\n<meta property=\"og:title\" content=\"Accueil - Artscape - L&#039;art en mouvement\" \/>\n<meta property=\"og:description\" content=\"La plateforme d\u00e9di\u00e9e aux artistes et cr\u00e9ateurs pour proposer des services, trouver des missions et collaborer avec des marques et sponsors. Rejoignez notre communaut\u00e9 pour transformer vos id\u00e9es en projets artistiques uniques.\" \/>\n<meta property=\"og:url\" content=\"https:\/\/artscape.pro\/art\/\" \/>\n<meta property=\"og:site_name\" content=\"Artscape - L&#039;art en mouvement\" \/>\n<meta property=\"article:modified_time\" content=\"2026-04-15T22:18:01+00:00\" \/>\n<meta name=\"twitter:card\" content=\"summary_large_image\" \/>\n<meta name=\"twitter:label1\" content=\"Dur\u00e9e de lecture estim\u00e9e\" \/>\n\t<meta name=\"twitter:data1\" content=\"1 minute\" \/>\n<script type=\"application\/ld+json\" class=\"yoast-schema-graph\">{\"@context\":\"https:\/\/schema.org\",\"@graph\":[{\"@type\":\"WebPage\",\"@id\":\"https:\/\/artscape.pro\/art\/\",\"url\":\"https:\/\/artscape.pro\/art\/\",\"name\":\"Accueil - Artscape - L&#039;art en mouvement\",\"isPartOf\":{\"@id\":\"https:\/\/artscape.pro\/art\/#website\"},\"datePublished\":\"2020-05-30T17:17:42+00:00\",\"dateModified\":\"2026-04-15T22:18:01+00:00\",\"description\":\"La plateforme d\u00e9di\u00e9e aux artistes et cr\u00e9ateurs pour proposer des services, trouver des missions et collaborer avec des marques et sponsors. Rejoignez notre communaut\u00e9 pour transformer vos id\u00e9es en projets artistiques uniques.\",\"breadcrumb\":{\"@id\":\"https:\/\/artscape.pro\/art\/#breadcrumb\"},\"inLanguage\":\"fr-FR\",\"potentialAction\":[{\"@type\":\"ReadAction\",\"target\":[\"https:\/\/artscape.pro\/art\/\"]}]},{\"@type\":\"BreadcrumbList\",\"@id\":\"https:\/\/artscape.pro\/art\/#breadcrumb\",\"itemListElement\":[{\"@type\":\"ListItem\",\"position\":1,\"name\":\"Accueil\",\"item\":\"https:\/\/artscape.pro\/art\/\"},{\"@type\":\"ListItem\",\"position\":2,\"name\":\"Accueil\"}]},{\"@type\":\"WebSite\",\"@id\":\"https:\/\/artscape.pro\/art\/#website\",\"url\":\"https:\/\/artscape.pro\/art\/\",\"name\":\"ARTSCAPE.PRO\",\"description\":\"\",\"publisher\":{\"@id\":\"https:\/\/artscape.pro\/art\/#organization\"},\"potentialAction\":[{\"@type\":\"SearchAction\",\"target\":{\"@type\":\"EntryPoint\",\"urlTemplate\":\"https:\/\/artscape.pro\/art\/?s={search_term_string}\"},\"query-input\":{\"@type\":\"PropertyValueSpecification\",\"valueRequired\":true,\"valueName\":\"search_term_string\"}}],\"inLanguage\":\"fr-FR\"},{\"@type\":\"Organization\",\"@id\":\"https:\/\/artscape.pro\/art\/#organization\",\"name\":\"ARTSCAPE.PRO\",\"url\":\"https:\/\/artscape.pro\/art\/\",\"logo\":{\"@type\":\"ImageObject\",\"inLanguage\":\"fr-FR\",\"@id\":\"https:\/\/artscape.pro\/art\/#\/schema\/logo\/image\/\",\"url\":\"https:\/\/artscape.pro\/wp-content\/uploads\/2024\/02\/ARTSCAPE_BLEU-1.png\",\"contentUrl\":\"https:\/\/artscape.pro\/wp-content\/uploads\/2024\/02\/ARTSCAPE_BLEU-1.png\",\"width\":591,\"height\":591,\"caption\":\"ARTSCAPE.PRO\"},\"image\":{\"@id\":\"https:\/\/artscape.pro\/art\/#\/schema\/logo\/image\/\"},\"sameAs\":[\"https:\/\/www.instagram.com\/artscape.pro\/\"]}]}<\/script>\n<!-- \/ Yoast SEO plugin. -->","yoast_head_json":{"title":"Accueil - Artscape - L&#039;art en mouvement","description":"La plateforme d\u00e9di\u00e9e aux artistes et cr\u00e9ateurs pour proposer des services, trouver des missions et collaborer avec des marques et sponsors. Rejoignez notre communaut\u00e9 pour transformer vos id\u00e9es en projets artistiques uniques.","robots":{"index":"index","follow":"follow","max-snippet":"max-snippet:-1","max-image-preview":"max-image-preview:large","max-video-preview":"max-video-preview:-1"},"canonical":"https:\/\/artscape.pro\/art\/","og_locale":"fr_FR","og_type":"article","og_title":"Accueil - Artscape - L&#039;art en mouvement","og_description":"La plateforme d\u00e9di\u00e9e aux artistes et cr\u00e9ateurs pour proposer des services, trouver des missions et collaborer avec des marques et sponsors. Rejoignez notre communaut\u00e9 pour transformer vos id\u00e9es en projets artistiques uniques.","og_url":"https:\/\/artscape.pro\/art\/","og_site_name":"Artscape - L&#039;art en mouvement","article_modified_time":"2026-04-15T22:18:01+00:00","twitter_card":"summary_large_image","twitter_misc":{"Dur\u00e9e de lecture estim\u00e9e":"1 minute"},"schema":{"@context":"https:\/\/schema.org","@graph":[{"@type":"WebPage","@id":"https:\/\/artscape.pro\/art\/","url":"https:\/\/artscape.pro\/art\/","name":"Accueil - Artscape - L&#039;art en mouvement","isPartOf":{"@id":"https:\/\/artscape.pro\/art\/#website"},"datePublished":"2020-05-30T17:17:42+00:00","dateModified":"2026-04-15T22:18:01+00:00","description":"La plateforme d\u00e9di\u00e9e aux artistes et cr\u00e9ateurs pour proposer des services, trouver des missions et collaborer avec des marques et sponsors. Rejoignez notre communaut\u00e9 pour transformer vos id\u00e9es en projets artistiques uniques.","breadcrumb":{"@id":"https:\/\/artscape.pro\/art\/#breadcrumb"},"inLanguage":"fr-FR","potentialAction":[{"@type":"ReadAction","target":["https:\/\/artscape.pro\/art\/"]}]},{"@type":"BreadcrumbList","@id":"https:\/\/artscape.pro\/art\/#breadcrumb","itemListElement":[{"@type":"ListItem","position":1,"name":"Accueil","item":"https:\/\/artscape.pro\/art\/"},{"@type":"ListItem","position":2,"name":"Accueil"}]},{"@type":"WebSite","@id":"https:\/\/artscape.pro\/art\/#website","url":"https:\/\/artscape.pro\/art\/","name":"ARTSCAPE.PRO","description":"","publisher":{"@id":"https:\/\/artscape.pro\/art\/#organization"},"potentialAction":[{"@type":"SearchAction","target":{"@type":"EntryPoint","urlTemplate":"https:\/\/artscape.pro\/art\/?s={search_term_string}"},"query-input":{"@type":"PropertyValueSpecification","valueRequired":true,"valueName":"search_term_string"}}],"inLanguage":"fr-FR"},{"@type":"Organization","@id":"https:\/\/artscape.pro\/art\/#organization","name":"ARTSCAPE.PRO","url":"https:\/\/artscape.pro\/art\/","logo":{"@type":"ImageObject","inLanguage":"fr-FR","@id":"https:\/\/artscape.pro\/art\/#\/schema\/logo\/image\/","url":"https:\/\/artscape.pro\/wp-content\/uploads\/2024\/02\/ARTSCAPE_BLEU-1.png","contentUrl":"https:\/\/artscape.pro\/wp-content\/uploads\/2024\/02\/ARTSCAPE_BLEU-1.png","width":591,"height":591,"caption":"ARTSCAPE.PRO"},"image":{"@id":"https:\/\/artscape.pro\/art\/#\/schema\/logo\/image\/"},"sameAs":["https:\/\/www.instagram.com\/artscape.pro\/"]}]}},"jetpack_sharing_enabled":true,"_links":{"self":[{"href":"https:\/\/artscape.pro\/art\/wp-json\/wp\/v2\/pages\/457","targetHints":{"allow":["GET"]}}],"collection":[{"href":"https:\/\/artscape.pro\/art\/wp-json\/wp\/v2\/pages"}],"about":[{"href":"https:\/\/artscape.pro\/art\/wp-json\/wp\/v2\/types\/page"}],"author":[{"embeddable":true,"href":"https:\/\/artscape.pro\/art\/wp-json\/wp\/v2\/users\/1"}],"replies":[{"embeddable":true,"href":"https:\/\/artscape.pro\/art\/wp-json\/wp\/v2\/comments?post=457"}],"version-history":[{"count":43,"href":"https:\/\/artscape.pro\/art\/wp-json\/wp\/v2\/pages\/457\/revisions"}],"predecessor-version":[{"id":907,"href":"https:\/\/artscape.pro\/art\/wp-json\/wp\/v2\/pages\/457\/revisions\/907"}],"wp:attachment":[{"href":"https:\/\/artscape.pro\/art\/wp-json\/wp\/v2\/media?parent=457"}],"curies":[{"name":"wp","href":"https:\/\/api.w.org\/{rel}","templated":true}]}}